{"id":2,"date":"2025-11-18T11:06:35","date_gmt":"2025-11-18T11:06:35","guid":{"rendered":"https:\/\/wanstall.fi\/?page_id=2"},"modified":"2025-11-18T12:47:25","modified_gmt":"2025-11-18T12:47:25","slug":"paasivu","status":"publish","type":"page","link":"https:\/\/wanstall.fi\/index.php\/paasivu\/","title":{"rendered":"Lis\u00e4tietoa"},"content":{"rendered":"\n<p> Wanstall Oy on koti- ja toimitilasiivouksiin erikoistunut tehokas puhtaanapidon asiantuntijayksikk\u00f6 Jyv\u00e4skyl\u00e4st\u00e4. Palvelemme niin kuluttajia, kuin yrityksi\u00e4 ammattitaidolla ja iloisella mielell\u00e4.<\/p>\n\n\n\n<blockquote class=\"wp-block-quote is-layout-flow wp-block-quote-is-layout-flow\">\n<p>&#8221;Meill\u00e4 Wanstallilla on halu palvella jokaista asiakasta tasapuolisesti ja parhaalla mahdollisella asenteella. Pidet\u00e4\u00e4n meid\u00e4n kaikkien tilat puhtaana&#8221; <\/p>\n<\/blockquote>\n\n\n\n<figure class=\"wp-block-image size-large\"><img loading=\"lazy\" decoding=\"async\" width=\"1024\" height=\"682\" src=\"https:\/\/wanstall.fi\/wp-content\/uploads\/2025\/11\/dirt-6752127_1280-1024x682.jpg\" alt=\"\" class=\"wp-image-9\" srcset=\"https:\/\/wanstall.fi\/wp-content\/uploads\/2025\/11\/dirt-6752127_1280-1024x682.jpg 1024w, https:\/\/wanstall.fi\/wp-content\/uploads\/2025\/11\/dirt-6752127_1280-300x200.jpg 300w, https:\/\/wanstall.fi\/wp-content\/uploads\/2025\/11\/dirt-6752127_1280-768x512.jpg 768w, https:\/\/wanstall.fi\/wp-content\/uploads\/2025\/11\/dirt-6752127_1280.jpg 1280w\" sizes=\"auto, (max-width: 1024px) 100vw, 1024px\" \/><\/figure>\n\n\n\n<p> Ota rohkeasti yhteytt\u00e4, jos tarvitset kotiisi tai toimistoosi siivouspalvelua.<\/p>\n\n\n\n<p>Yhteystiedot:<\/p>\n\n\n\n<p>+358 44 9300 579<\/p>\n\n\n\n<p>Atte Kokkoniemi, Myynti<\/p>\n","protected":false},"excerpt":{"rendered":"<p>Wanstall Oy on koti- ja toimitilasiivouksiin erikoistunut tehokas puhtaanapidon asiantuntijayksikk\u00f6 Jyv\u00e4skyl\u00e4st\u00e4. Palvelemme niin kuluttajia, kuin yrityksi\u00e4 ammattitaidolla ja iloisella mielell\u00e4. &#8221;Meill\u00e4 Wanstallilla on halu palvella jokaista asiakasta tasapuolisesti ja parhaalla mahdollisella asenteella. Pidet\u00e4\u00e4n meid\u00e4n kaikkien tilat puhtaana&#8221; Ota rohkeasti yhteytt\u00e4, jos tarvitset kotiisi tai toimistoosi siivouspalvelua. Yhteystiedot: +358 44 9300 579 Atte Kokkoniemi, Myynti<\/p>\n","protected":false},"author":1,"featured_media":0,"parent":0,"menu_order":0,"comment_status":"closed","ping_status":"closed","template":"","meta":{"footnotes":""},"class_list":["post-2","page","type-page","status-publish","hentry"],"_links":{"self":[{"href":"https:\/\/wanstall.fi\/index.php\/wp-json\/wp\/v2\/pages\/2","targetHints":{"allow":["GET"]}}],"collection":[{"href":"https:\/\/wanstall.fi\/index.php\/wp-json\/wp\/v2\/pages"}],"about":[{"href":"https:\/\/wanstall.fi\/index.php\/wp-json\/wp\/v2\/types\/page"}],"author":[{"embeddable":true,"href":"https:\/\/wanstall.fi\/index.php\/wp-json\/wp\/v2\/users\/1"}],"replies":[{"embeddable":true,"href":"https:\/\/wanstall.fi\/index.php\/wp-json\/wp\/v2\/comments?post=2"}],"version-history":[{"count":3,"href":"https:\/\/wanstall.fi\/index.php\/wp-json\/wp\/v2\/pages\/2\/revisions"}],"predecessor-version":[{"id":20,"href":"https:\/\/wanstall.fi\/index.php\/wp-json\/wp\/v2\/pages\/2\/revisions\/20"}],"wp:attachment":[{"href":"https:\/\/wanstall.fi\/index.php\/wp-json\/wp\/v2\/media?parent=2"}],"curies":[{"name":"wp","href":"https:\/\/api.w.org\/{rel}","templated":true}]}}